{"id":482,"date":"2020-01-02T07:57:24","date_gmt":"2020-01-02T06:57:24","guid":{"rendered":"https:\/\/www.moulindesfleurs.fr\/?post_type=product&#038;p=482"},"modified":"2024-11-11T01:01:07","modified_gmt":"2024-11-11T00:01:07","slug":"miel-de-la-creuse-0400-kg-pot-verre","status":"publish","type":"product","link":"https:\/\/www.moulindesfleurs.fr\/?product=miel-de-la-creuse-0400-kg-pot-verre","title":{"rendered":"Miel de Montagne 480 g pot verre"},"content":{"rendered":"<p>Miel toutes fleurs de montagne<\/p>\n<p>Miel produit en Creuse \/France<\/p>\n<p>Mis en pot par l&#8217;apiculteur<\/p>\n<p>Prix au Kilo 21,87 \u20ac<\/p>\n","protected":false},"excerpt":{"rendered":"<p>Miel de montagne<\/p>\n<p>Zone de production situ\u00e9e au c\u0153ur d&#8217;un environnement prot\u00e9g\u00e9,<\/p>\n<p>Une commune bio engag\u00e9e<\/p>\n<p>Zone des Sources du Thaurion,\u00a0 espace natura 2000<\/p>\n<p><a href=\"http:\/\/www.conservatoirelimousin.com\/natura-2000.html\">http:\/\/www.conservatoirelimousin.com\/natura-2000.html<\/a><\/p>\n","protected":false},"featured_media":1336,"comment_status":"open","ping_status":"closed","template":"","meta":[],"product_cat":[66,65],"product_tag":[],"_links":{"self":[{"href":"https:\/\/www.moulindesfleurs.fr\/index.php?rest_route=\/wp\/v2\/product\/482"}],"collection":[{"href":"https:\/\/www.moulindesfleurs.fr\/index.php?rest_route=\/wp\/v2\/product"}],"about":[{"href":"https:\/\/www.moulindesfleurs.fr\/index.php?rest_route=\/wp\/v2\/types\/product"}],"replies":[{"embeddable":true,"href":"https:\/\/www.moulindesfleurs.fr\/index.php?rest_route=%2Fwp%2Fv2%2Fcomments&post=482"}],"wp:featuredmedia":[{"embeddable":true,"href":"https:\/\/www.moulindesfleurs.fr\/index.php?rest_route=\/wp\/v2\/media\/1336"}],"wp:attachment":[{"href":"https:\/\/www.moulindesfleurs.fr\/index.php?rest_route=%2Fwp%2Fv2%2Fmedia&parent=482"}],"wp:term":[{"taxonomy":"product_cat","embeddable":true,"href":"https:\/\/www.moulindesfleurs.fr\/index.php?rest_route=%2Fwp%2Fv2%2Fproduct_cat&post=482"},{"taxonomy":"product_tag","embeddable":true,"href":"https:\/\/www.moulindesfleurs.fr\/index.php?rest_route=%2Fwp%2Fv2%2Fproduct_tag&post=482"}],"curies":[{"name":"wp","href":"https:\/\/api.w.org\/{rel}","templated":true}]}}